{"id":59,"date":"2025-03-03T23:59:15","date_gmt":"2025-03-03T22:59:15","guid":{"rendered":"https:\/\/fitobi.app\/?page_id=59"},"modified":"2025-03-12T00:05:28","modified_gmt":"2025-03-11T23:05:28","slug":"privacypolicy","status":"publish","type":"page","link":"https:\/\/fitobi.app\/index.php\/privacypolicy\/","title":{"rendered":"Polityka Prywatno\u015bci"},"content":{"rendered":"\n<p>POLITYKA PRYWATNO\u015aCI WARSZAWSKIEGO UNIWERSYTETU MEDYCZNEGO WRAZ Z OG\u00d3LN\u0104 KLAUZUL\u0104 INFORMACYJN\u0104<\/p>\n\n\n\n<p>I. OG\u00d3LNA KLAUZULA INFORMACYJNA<\/p>\n\n\n\n<p>\u00a71. POSTANOWIENIA OG\u00d3LNE<\/p>\n\n\n\n<ol class=\"wp-block-list\">\n<li>Administratorem strony <a href=\"http:\/\/www.wum.edu.pl\/\">fitobi.app<\/a> i administratorem danych osobowych pozyskanych przez Warszawski Uniwersytet Medyczny jest\u00a0Warszawski Uniwersytet Medyczny.<\/li>\n\n\n\n<li>Dane osobowe zbierane przez administratora s\u0105 przetwarzane zgodnie z\u00a0rozporz\u0105dzeniem Parlamentu Europejskiego i\u00a0Rady (UE) 2016\/679 z\u00a0dnia 27 kwietnia 2016 r. w\u00a0sprawie ochrony os\u00f3b fizycznych w\u00a0zwi\u0105zku z\u00a0przetwarzaniem danych osobowych i\u00a0w sprawie swobodnego przep\u0142ywu takich danych oraz uchylenia dyrektywy 95\/46\/WE (og\u00f3lne rozporz\u0105dzenie o\u00a0ochronie danych) oraz ustaw\u0105 z dnia 10 maja 2018 r. o ochronie danych osobowych (Dz.U.2019.1781 t.j. z dnia 2019.09.19).<\/li>\n<\/ol>\n\n\n\n<p>\u00a72. DEFINICJE<\/p>\n\n\n\n<ol class=\"wp-block-list\">\n<li>Administrator &#8211; oznacza Warszawski Uniwersytet Medyczny, ul. \u017bwirki i Wigury 61 (kod pocztowy: 02-091 Warszawa), REGON: 000288917, NIP: 525-00-05-828;<\/li>\n\n\n\n<li>Dane osobowe &#8211; oznaczaj\u0105 wszelkie informacje o zidentyfikowanej lub mo\u017cliwej do zidentyfikowania osobie fizycznej (\u201cosobie, kt\u00f3rej dane dotycz\u0105\u201d, \u201epodmiot danych\u201d); mo\u017cliwa do zidentyfikowania osoba fizyczna to osoba, kt\u00f3r\u0105 mo\u017cna bezpo\u015brednio lub po\u015brednio zidentyfikowa\u0107, w szczeg\u00f3lno\u015bci na podstawie identyfikatora takiego jak imi\u0119 i nazwisko, numer identyfikacyjny, dane o lokalizacji, identyfikator internetowy lub jeden b\u0105d\u017a kilka szczeg\u00f3lnych czynnik\u00f3w okre\u015blaj\u0105cych fizyczn\u0105, fizjologiczn\u0105, genetyczn\u0105, psychiczn\u0105, ekonomiczn\u0105, kulturow\u0105 lub spo\u0142eczn\u0105 to\u017csamo\u015b\u0107 osoby fizycznej;<\/li>\n\n\n\n<li>Fanpage &#8211; oznacza profil publiczny Warszawskiego Uniwersytetu Medycznego\u00a0na portalach spo\u0142eczno\u015bciowych: Facebook, Linkedin, Twitter, Youtube, Instagram;<\/li>\n\n\n\n<li>Polityka &#8211; oznacza niniejsz\u0105 Polityk\u0119;<\/li>\n\n\n\n<li>RODO &#8211; oznacza rozporz\u0105dzenie Parlamentu Europejskiego i Rady (UE) 2016\/679 z 27 kwietnia 2016 r. w sprawie ochrony os\u00f3b fizycznych w zwi\u0105zku z przetwarzaniem danych osobowych\u00a0i w sprawie swobodnego przep\u0142ywu takich danych oraz uchylenia dyrektywy 95\/46\/WE (og\u00f3lne rozporz\u0105dzenie o ochronie danych) (Dz. Urz. UE L 119, s. 1);<\/li>\n\n\n\n<li>Aplikacja &#8211;\u00a0oznacza aplikacj\u0119 mobiln\u0105 FitObi dost\u0119pn\u0105 w sklepach Apple AppStore i Google Play Store;<\/li>\n<\/ol>\n\n\n\n<p>&nbsp;\u00a73. BEZPIECZE\u0143STWO DANYCH OSOBOWYCH<\/p>\n\n\n\n<p>Administrator dok\u0142ada staranno\u015bci w celu ochrony interes\u00f3w os\u00f3b, kt\u00f3rych dane dotycz\u0105, a w szczeg\u00f3lno\u015bci zapewnia, \u017ce zbierane przez niego dane s\u0105:<\/p>\n\n\n\n<ol class=\"wp-block-list\">\n<li>przetwarzane zgodnie z prawem, rzetelnie i w spos\u00f3b przejrzysty dla osoby, kt\u00f3rej dane dotycz\u0105;<\/li>\n\n\n\n<li>zbierane w konkretnych, wyra\u017anych i prawnie uzasadnionych celach i nieprzetwarzane dalej w spos\u00f3b niezgodny z tymi celami;<\/li>\n\n\n\n<li>adekwatne, stosowne oraz ograniczone do tego, co niezb\u0119dne do cel\u00f3w, w kt\u00f3rych s\u0105 przetwarzane;<\/li>\n\n\n\n<li>prawid\u0142owe i w razie potrzeby uaktualniane;<\/li>\n\n\n\n<li>przechowywane w formie umo\u017cliwiaj\u0105cej identyfikacj\u0119 osoby, kt\u00f3rej dane dotycz\u0105, przez okres nie d\u0142u\u017cszy, ni\u017c jest to niezb\u0119dne do cel\u00f3w, w kt\u00f3rych dane te s\u0105 przetwarzane;<\/li>\n\n\n\n<li>przetwarzane w spos\u00f3b zapewniaj\u0105cy odpowiednie bezpiecze\u0144stwo danych osobowych, w tym ochron\u0119 przed niedozwolonym lub niezgodnym z prawem przetwarzaniem oraz przypadkow\u0105 utrat\u0105, zniszczeniem lub uszkodzeniem, za pomoc\u0105 odpowiednich \u015brodk\u00f3w technicznych lub organizacyjnych, a dost\u0119p do danych maj\u0105 wy\u0142\u0105cznie osoby upowa\u017cnione przez Administratora.<\/li>\n<\/ol>\n\n\n\n<p>&nbsp;\u00a74. CEL I ZAKRES ZBIERANIA DANYCH. RODZAJ PRZETWARZANYCH DANYCH OSOBOWYCH<\/p>\n\n\n\n<ol class=\"wp-block-list\">\n<li>Warszawski Uniwersytet Medyczny mo\u017ce przetwarza\u0107 dane osobowe na podstawie i w celu: 1) zgody tj. na podstawie art. 6 ust. 1 lit. a RODO, w celu:<br>\u00a0 \u00a0 &#8211;\u00a0udzia\u0142u w projektach i badaniach (dot. danych inne ni\u017ce dane szczeg\u00f3lnych kategorii),<br>2) zgody tj. na podstawie art. 9 ust. 2 lit. a RODO w celu udzia\u0142u w projektach i badaniach naukowych prowadzonych przez Warszawski Uniwersytet Medyczny (dot. danych szczeg\u00f3lnych kategorii, w tym np. danych dot. zdrowia);<br>Na podstawie zgody przetwarzane s\u0105 r\u00f3wnie\u017c dane, kt\u00f3re nie s\u0105 obowi\u0105zkowe lub Administrator nie wyst\u0119powa\u0142 o ich podanie;<br>6)\u00a0na podstawie\u00a0art. 6 ust. 1 lit. f RODO tj. gdy przetwarzanie jest niezb\u0119dne do cel\u00f3w wynikaj\u0105cych z prawnie uzasadnionych interes\u00f3w realizowanych przez Administratora lub przez stron\u0119 trzeci\u0105, z wyj\u0105tkiem sytuacji, w kt\u00f3rych nadrz\u0119dny charakter wobec tych interes\u00f3w maj\u0105 interesy lub podstawowe prawa i wolno\u015bci osoby, kt\u00f3rej dane dotycz\u0105, wymagaj\u0105ce ochrony danych osobowych, w szczeg\u00f3lno\u015bci gdy osoba, kt\u00f3rej dane dotycz\u0105, jest dzieckiem. Przetwarzanie na tej podstawie odbywa si\u0119 w np. celu:<br>\u00a0 \u00a0&#8211;\u00a0prowadzenia korespondencji z podmiotami wsp\u00f3\u0142pracuj\u0105cymi z Warszawskim Uniwersytetem Medycznym, osobami zainteresowanymi podj\u0119ciem wsp\u00f3\u0142pracy z<br>\u00a0 \u00a0\u00a0 Administratorem, udzielenia odpowiedzi na zapytania nadawcy wiadomo\u015bci e-mail, w celach obs\u0142ugi uczestnik\u00f3w konferencji, szkolenia, studi\u00f3w lub uroczysto\u015bci, w tym<br>\u00a0 \u00a0 \u00a0przekazywania bie\u017c\u0105cych informacji organizacyjnych, tj. w celach kontaktowych;<br>\u00a0 \u00a0&#8211;\u00a0zarz\u0105dzania Stron\u0105 oraz prowadzenie Fanpage &#8211; dane osobowe pozostawione przez osoby odwiedzaj\u0105ce profile spo\u0142eczno\u015bciowe Administratora (takie jak: identyfikatory<br>\u00a0 \u00a0 \u00a0internetowe, komentarze, polubienia) b\u0119d\u0105 przetwarzane w celu umo\u017cliwienia aktywno\u015bci osobom odwiedzaj\u0105cym Stron\u0119\/ Fanpage, efektywnego prowadzenia Fanpage<br>\u00a0 \u00a0 \u00a0poprzez przedstawienie u\u017cytkownikom informacji o inicjatywach i aktywno\u015bciach Administratora, odpowiadania na komentarz oraz promowania wydarze\u0144;<br>\u00a0 \u00a0&#8211;\u00a0analitycznym i statystycznym zwi\u0105zanych ze Stron\u0105 oraz Fanpage;<br>Administrator nie podejmuje jednak decyzji, maj\u0105cych wp\u0142yw na prawa i obowi\u0105zki czy wolno\u015bci<br>\u00a0 \u00a0 \u00a0podmiotu danych w rozumieniu RODO;<br>\u00a0 \u00a0&#8211;\u00a0ustalenia, dochodzenia lub obrony roszcze\u0144;<br>\u00a0<\/li>\n\n\n\n<li>W zwi\u0105zku z ust. 1 pkt 6) powy\u017cej od u\u017cytkownik\u00f3w mog\u0105 by\u0107 tak\u017ce gromadzone dane nawigacyjne, w\u00a0tym informacje o\u00a0linkach i\u00a0odno\u015bnikach, w\u00a0kt\u00f3re zdecyduj\u0105 si\u0119 klikn\u0105\u0107 lub innych czynno\u015bciach, podejmowanych na stronie internetowej (np. adres IP przypisany do komputera u\u017cytkownika lub zewn\u0119trzny adres IP dostawcy Internetu, nazwa domeny, rodzaj przegl\u0105darki, czas dost\u0119pu, typ systemu operacyjnego). Podstaw\u0105 prawn\u0105 tego rodzaju czynno\u015bci jest prawnie uzasadniony interes realizowany przez Administratora (art. 6 ust. 1 lit. f RODO), polegaj\u0105cy na u\u0142atwieniu korzystania z\u00a0us\u0142ug \u015bwiadczonych drog\u0105 elektroniczn\u0105 oraz na poprawie funkcjonalno\u015bci tych us\u0142ug.<br>\u00a0<\/li>\n\n\n\n<li>W zale\u017cno\u015bci od sytuacji, stosunku prawnego \u0142\u0105cz\u0105cego podmiot danych z Administratorem, Administrator mo\u017ce przetwarza\u0107 nast\u0119puj\u0105ce dane osobowe:<br>1)\u00a0imi\u0119 i nazwisko;<br>7)\u00a0adres e-mail;<br>9)\u00a0inne dane przekazane przez u\u017cytkownika strony lub Fanpage;<br>10)\u00a0dane szczeg\u00f3lnych kategorii;<br>\u00a0<\/li>\n<\/ol>\n\n\n\n<p>\u00a7 5. OKRES PRZETWARZANIA DANYCH OSOBOWYCH<\/p>\n\n\n\n<ol class=\"wp-block-list\">\n<li>W przypadku, gdy podstaw\u0105 przetwarzania danych jest zgoda (a wi\u0119c przetwarzanie odbywa si\u0119 na podstawie art. 6 ust. 1 lit a lub art. 9 ust. 2 lit. a RODO) \u2013 dane osobowe przetwarzane s\u0105 przez Administratora do czasu realizacji celu w jakim zosta\u0142y zebrane, najdalej do dnia wycofania zgody. Ka\u017cdorazowo okres ten jest wskazywany w klauzuli informacyjnej.<br>\u00a0<\/li>\n\n\n\n<li>W przypadku, gdy podstaw\u0105 przetwarzania danych jest wykonanie umowy (a wi\u0119c przetwarzanie odbywa si\u0119 na podstawie art. 6 ust. 1 lit b RODO), dane osobowe przetwarzane\u00a0 s\u0105 tak d\u0142ugo, jak jest to niezb\u0119dne do wykonania umowy, a\u00a0po tym czasie dane osobowe zawarte w dokumentacji podatkowej lub ksi\u0119gowej b\u0119d\u0105 przechowywane do momentu wyga\u015bni\u0119cia obowi\u0105zk\u00f3w przechowywania danych wynikaj\u0105cych z przepis\u00f3w prawa, oraz r\u00f3wnie\u017c do up\u0142ywu okresu przedawnienia (zgodnie z art. 6 ust. 1 lit. c i f RODO).<br>\u00a0<\/li>\n\n\n\n<li>Dane osobowe u\u017cytkownik\u00f3w przetwarzane na podstawie prawnie uzasadnionego interesu Administratora (art. 6 ust. 1 lit. f RODO) b\u0119d\u0105 przetwarzane do czasu skutecznego z\u0142o\u017cenia sprzeciwu lub ustania tego interesu. Przyk\u0142adowo, przez okres niezb\u0119dny do udzielenia odpowiedzi na przes\u0142an\u0105 wiadomo\u015b\u0107 e-mail (np. za po\u015brednictwem formularza kontaktowego), dane osobowe przetwarzane\u00a0 s\u0105 przez okres prowadzenia dalszej korespondencji, ewentualnie przez czas niezb\u0119dny do dochodzenia roszcze\u0144 lub obrony przed nimi.<br>\u00a0<\/li>\n\n\n\n<li>W celach archiwalnych (podstawa prawna z art. 6 ust. 1 lit. c RODO) dane osobowe przetwarzane s\u0105 przez czas okre\u015blony dla poszczeg\u00f3lnych kategorii archiwalnych, kt\u00f3rymi jest oznaczona dokumentacja zgromadzona u Administratora zgodnie z Jednolitym Rzeczowym Wykazem Akt WUM opracowanym na podstawie rozporz\u0105dzenia Ministra Kultury i Dziedzictwa Narodowego z dnia 20 pa\u017adziernika 2015r. w sprawie klasyfikowania i kwalifikowania dokumentacji, przekazywania materia\u0142\u00f3w archiwalnych do archiw\u00f3w pa\u0144stwowych i brakowania dokumentacji niearchiwalnej, ewentualnie przez czas dochodzenia roszcze\u0144 lub obrony administratora przed roszczeniami.<br>\u00a0<\/li>\n\n\n\n<li>Poza przypadkami okre\u015blonymi powy\u017cej dane przechowywane s\u0105 przez Administratora do dnia zg\u0142oszenia skutecznego sprzeciwu lub skutecznego \u017c\u0105dania usuni\u0119cia danych.<br>\u00a0<\/li>\n\n\n\n<li>Po up\u0142ywie okresu przetwarzania dane s\u0105 nieodwracalnie niszczone lub anonimizowane.<\/li>\n<\/ol>\n\n\n\n<p>\u00a7 6. UDOST\u0118PNIANIE DANYCH OSOBOWYCH<\/p>\n\n\n\n<ol class=\"wp-block-list\">\n<li>Dane osobowe u\u017cytkownik\u00f3w przekazywane s\u0105 dostawcom us\u0142ug, z\u00a0kt\u00f3rych korzysta Administrator w ramach swojej dzia\u0142alno\u015bci lub do podmiot\u00f3w okre\u015blonych w przepisach. Dostawcy us\u0142ug, kt\u00f3rym przekazywane s\u0105 dane osobowe, w\u00a0zale\u017cno\u015bci od uzgodnie\u0144 umownych i\u00a0okoliczno\u015bci, albo podlegaj\u0105 poleceniom Administratora co do cel\u00f3w i\u00a0sposob\u00f3w przetwarzania tych danych (podmioty przetwarzaj\u0105ce) albo samodzielnie okre\u015blaj\u0105 cele i\u00a0sposoby ich przetwarzania (administratorzy).<br>\u00a0<\/li>\n\n\n\n<li>Z zastrze\u017ceniem ust. 3 poni\u017cej, dane osobowe u\u017cytkownik\u00f3w s\u0105 przechowywane wy\u0142\u0105cznie na terenie Europejskiego Obszaru Gospodarczego (EOG).<br>\u00a0<\/li>\n<\/ol>\n\n\n\n<p>\u00a77. PRAWA PODMIOT\u00d3W DANYCH<\/p>\n\n\n\n<ol class=\"wp-block-list\">\n<li>Administrator powo\u0142a\u0142 Inspektora Ochrony Danych Osobowych, z kt\u00f3rym mo\u017cna si\u0119 kontaktowa\u0107 na adres e-mail: <a href=\"mailto:iod@wum.edu.pl\">iod@wum.edu.pl<\/a>\u00a0lub pod nr tel.: +48 22 57 20 240.<br>\u00a0<\/li>\n\n\n\n<li>Administrator dok\u0142ada szczeg\u00f3lnej staranno\u015bci w celu ochrony interes\u00f3w os\u00f3b, kt\u00f3rych dane dotycz\u0105, a w szczeg\u00f3lno\u015bci zapewnia, \u017ce zbierane przez niego dane s\u0105: \u00a0 \u00a01)\u00a0przetwarzane zgodnie z prawem,<br>\u00a0 \u00a02)\u00a0zbierane dla oznaczonych, zgodnych z prawem cel\u00f3w i niepoddawane dalszemu przetwarzaniu niezgodnemu z tymi celami,<br>\u00a0 \u00a03)\u00a0merytorycznie poprawne i adekwatne w stosunku do cel\u00f3w, w jakich s\u0105 przetwarzane oraz przechowywane w postaci umo\u017cliwiaj\u0105cej identyfikacj\u0119 os\u00f3b, kt\u00f3rych dotycz\u0105, nie<br>\u00a0 \u00a0 \u00a0 \u00a0d\u0142u\u017cej ni\u017c jest to niezb\u0119dne do osi\u0105gni\u0119cia celu przetwarzania.<br>\u00a0<\/li>\n\n\n\n<li>Osoba, kt\u00f3rej dane dotycz\u0105, ma prawo dost\u0119pu do tre\u015bci swoich danych osobowych oraz prawo ich sprostowania, usuni\u0119cia, ograniczenia przetwarzania, prawo wniesienia sprzeciwu. Gdy przetwarzanie odbywa si\u0119 na podstawie prawnie uzasadnionego interesu Administratora osobie, kt\u00f3rej dane dotycz\u0105 nie przys\u0142uguje prawo do przenoszenia danych ani prawo do wycofana zgody.<br>\u00a0\u00a0<\/li>\n\n\n\n<li>Podstawy prawne \u017c\u0105dania podmiotu danych (osoby, kt\u00f3rej dane osobowe s\u0105 przetwarzane): 1)\u00a0Dost\u0119p do danych\u00a0\u2013 art. 15 RODO &#8211; w ka\u017cdym przypadku.<br>2)\u00a0Sprostowanie danych\u00a0\u2013 art. 16 RODO w ka\u017cdym przypadku gdy dane s\u0105 nieprawid\u0142owe.<br>3)\u00a0Usuni\u0119cie danych (tzw. prawo do bycia zapomnianym)\u00a0\u2013 art. 17 RODO gdy:<br>\u00a0 \u00a0 a) dane osobowe nie s\u0105 ju\u017c niezb\u0119dne do cel\u00f3w, w kt\u00f3rych zosta\u0142y zebrane lub w inny spos\u00f3b przetwarzane;<br>\u00a0 \u00a0 b)\u00a0osoba, kt\u00f3rej dane dotycz\u0105, cofn\u0119\u0142a zgod\u0119, na kt\u00f3rej opiera si\u0119 przetwarzanie zgodnie z art. 6 ust. 1 lit. a) i nie ma innej podstawy prawnej przetwarzania;<br>\u00a0 \u00a0 c) osoba, kt\u00f3rej dane dotycz\u0105, wnosi sprzeciw na mocy art. 21 ust. 1 RODO wobec przetwarzania i nie wyst\u0119puj\u0105 nadrz\u0119dne prawnie uzasadnione podstawy przetwarzania lub\u00a0 osoba, kt\u00f3rej dane dotycz\u0105, wnosi sprzeciw na mocy art. 21 ust. 2 RODO wobec przetwarzania;<br>\u00a0 \u00a0 d)\u00a0dane osobowe by\u0142y przetwarzane niezgodnie z prawem;<br>\u00a0 \u00a0 e)\u00a0dane osobowe musz\u0105 zosta\u0107 usuni\u0119te w celu wywi\u0105zania si\u0119 z obowi\u0105zku prawnego przewidzianego w prawie Unii lub prawie pa\u0144stwa cz\u0142onkowskiego, kt\u00f3remu podlega Administrator.<br>4)\u00a0Ograniczenie przetwarzania\u00a0\u2013 art. 18 RODO &#8211; w nast\u0119puj\u0105cych przypadkach:<br>\u00a0 \u00a0 a)\u00a0osoba, kt\u00f3rej dane dotycz\u0105, kwestionuje prawid\u0142owo\u015b\u0107 danych osobowych &#8211; na okres pozwalaj\u0105cy Administratorowi sprawdzi\u0107 prawid\u0142owo\u015b\u0107 tych danych;<br>\u00a0 \u00a0 b)\u00a0przetwarzanie jest niezgodne z prawem, a osoba, kt\u00f3rej dane dotycz\u0105, sprzeciwia si\u0119 usuni\u0119ciu danych osobowych, \u017c\u0105daj\u0105c w zamian ograniczenia ich wykorzystywania;<br>\u00a0 \u00a0 c)\u00a0Administrator nie potrzebuje ju\u017c danych osobowych do cel\u00f3w przetwarzania, ale s\u0105 one potrzebne osobie, kt\u00f3rej dane dotycz\u0105, do ustalenia, dochodzenia lub obrony roszcze\u0144;<br>\u00a0 \u00a0 d)\u00a0osoba, kt\u00f3rej dane dotycz\u0105, wnios\u0142a sprzeciw na mocy art. 21 ust. 1 RODO wobec przetwarzania &#8211; do czasu stwierdzenia, czy prawnie uzasadnione podstawy po stronie Administratora s\u0105 nadrz\u0119dne wobec podstaw sprzeciwu osoby, kt\u00f3rej dane dotycz\u0105.<br>5)\u00a0Prawo do przeniesienia danych\u00a0\u2013 art. 20 RODO je\u017celi:<br>\u00a0 \u00a0 a)\u00a0przetwarzanie odbywa si\u0119 na podstawie zgody w my\u015bl art. 6 ust. 1 lit. a) lub na podstawie umowy w my\u015bl art. 6 ust. 1 lit. b) RODO; oraz<br>\u00a0 \u00a0 b)\u00a0przetwarzanie odbywa si\u0119 w spos\u00f3b zautomatyzowany.<br>6)\u00a0Sprzeciw\u00a0\u2013 art. 21 RODO &#8211; dotyczy przetwarzania danych osobowych opartego na art. 6 ust. 1 lit. e) lub f) RODO, w tym profilowania na podstawie tych przepis\u00f3w.\u00a0 Administratorowi nie wolno ju\u017c przetwarza\u0107 tych danych osobowych, chyba \u017ce wyka\u017ce on istnienie wa\u017cnych prawnie uzasadnionych podstaw do przetwarzania, nadrz\u0119dnych wobec interes\u00f3w, praw i wolno\u015bci osoby, kt\u00f3rej dane dotycz\u0105, lub podstaw do ustalenia, dochodzenia lub obrony roszcze\u0144. Je\u017celi dane osobowe s\u0105 przetwarzane do cel\u00f3w marketingu bezpo\u015bredniego (podstawa z art. 6 ust. 1 lit. f RODO), osoba, kt\u00f3rej dane dotycz\u0105, ma prawo wnie\u015b\u0107 w dowolnym momencie, sprzeciw wobec tego przetwarzania, pierwotnego lub dalszego &#8211; w tym profilowania, o ile jest ono powi\u0105zane z marketingiem bezpo\u015brednim.<br>7)\u00a0Prawo do usuni\u0119cia danych (tzw. prawo do bycia zapomnianym)\u00a0nie przys\u0142uguje w zakresie w jakim przetwarzanie jest niezb\u0119dne do:<br>\u00a0 \u00a0 a)\u00a0korzystania z prawa do wolno\u015bci wypowiedzi i informacji;<br>\u00a0 \u00a0 b)\u00a0wywi\u0105zania si\u0119 z prawnego obowi\u0105zku wymagaj\u0105cego przetwarzania na mocy prawa Unii lub prawa pa\u0144stwa cz\u0142onkowskiego, kt\u00f3remu podlega Administrator, lub do wykonania zadania realizowanego w interesie publicznym lub w ramach sprawowania w\u0142adzy publicznej powierzonej Administratorowi;<br>\u00a0 \u00a0 c)\u00a0cel\u00f3w archiwalnych w interesie publicznym, do cel\u00f3w bada\u0144 naukowych lub historycznych lub do cel\u00f3w statystycznych zgodnie z art. 89 ust. 1 RODO, o ile prawdopodobne jest, \u017ce prawo sprzeciwu uniemo\u017cliwi lub powa\u017cnie utrudni realizacj\u0119 cel\u00f3w takiego przetwarzania; lub<br>\u00a0 \u00a0 d)\u00a0ustalenia, dochodzenia lub obrony roszcze\u0144.<br>8)\u00a0Prawo do wycofania zgody &#8211; osoba, kt\u00f3rej dane dotycz\u0105, ma prawo w dowolnym momencie wycofa\u0107 zgod\u0119. Wycofanie zgody nie wp\u0142ywa na zgodno\u015b\u0107 z prawem przetwarzania, kt\u00f3rego dokonano na podstawie zgody przed jej wycofaniem.<br>\u00a0<\/li>\n\n\n\n<li>W celu realizacji uprawnie\u0144, o kt\u00f3rych mowa w ust. 5 mo\u017cna wys\u0142a\u0107 stosown\u0105 wiadomo\u015b\u0107 e-mail na adres wskazany w ust. 1 powy\u017cej.<br>\u00a0<\/li>\n\n\n\n<li>W sytuacji wyst\u0105pienia przez podmiot danych z\u00a0uprawnieniem wynikaj\u0105cym z\u00a0powy\u017cszych praw, Administrator spe\u0142nia \u017c\u0105danie albo odmawia jego spe\u0142nienia niezw\u0142ocznie, nie p\u00f3\u017aniej jednak ni\u017c w\u00a0ci\u0105gu miesi\u0105ca po jego otrzymaniu. Je\u017celi jednak &#8211; z\u00a0uwagi na skomplikowany charakter \u017c\u0105dania lub liczb\u0119 \u017c\u0105da\u0144 \u2013 Administrator nie b\u0119dzie m\u00f3g\u0142 spe\u0142ni\u0107 \u017c\u0105dania w\u00a0ci\u0105gu miesi\u0105ca, spe\u0142ni je w\u00a0ci\u0105gu kolejnych dw\u00f3ch miesi\u0119cy informuj\u0105c u\u017cytkownika uprzednio w\u00a0terminie miesi\u0105ca od otrzymania \u017c\u0105dania &#8211; o\u00a0zamierzonym przed\u0142u\u017ceniu terminu oraz jego przyczynach.<br>\u00a0<\/li>\n\n\n\n<li>W przypadku stwierdzenia, \u017ce przetwarzanie danych osobowych narusza przepisy RODO, osoba, kt\u00f3rej dane dotycz\u0105, ma prawo wnie\u015b\u0107 skarg\u0119 do Prezesa Urz\u0119du Ochrony Danych Osobowych.<br>\u00a0<\/li>\n\n\n\n<li>Podanie danych osobowych jest dobrowolne, ale konieczne m.in. do: kontynuacji korzystania z Fanpage, zawarcia umowy na uczestnictwo w Konferencji, uzyskania odpowiedzi na zadane nam pytanie.<br>\u00a0<\/li>\n\n\n\n<li>Konsekwencj\u0105 ich niepodania jest brak mo\u017cliwo\u015bci realizacji\/kontynuacji \u015bwiadczonych us\u0142ug, w tym udzia\u0142u w rekrutacji, zawarcia umowy, pozostawienia komentarza.<\/li>\n<\/ol>\n\n\n\n<p>II. III. POSTANOWIENIA KO\u0143COWE<\/p>\n\n\n\n<p>Niniejsza Polityka obowi\u0105zuje od dnia 12 maja 2022 r.<\/p>\n\n\n\n<p>\u00a0Administrator stosuje \u015brodki techniczne i organizacyjne zapewniaj\u0105ce ochron\u0119 przetwarzanych danych osobowych odpowiedni\u0105 do zagro\u017ce\u0144 oraz kategorii danych obj\u0119tych ochron\u0105, a w szczeg\u00f3lno\u015bci zabezpiecza dane przed ich udost\u0119pnieniem osobom nieupowa\u017cnionym, zabraniem przez osob\u0119 nieuprawnion\u0105, przetwarzaniem z naruszeniem obowi\u0105zuj\u0105cych przepis\u00f3w oraz zmian\u0105, utrat\u0105, uszkodzeniem lub zniszczeniem.<br>\u00a0<\/p>\n\n\n\n<p>Zmiany w niniejszej Polityce mog\u0105 by\u0107 wprowadzane w ka\u017cdym czasie, w szczeg\u00f3lno\u015bci z powodu zmian przepis\u00f3w prawnych, rozwoju technologii, zmian u Administratora, rozwoju Strony i medi\u00f3w spo\u0142eczno\u015bciowych Administratora.<br>\u00a0<\/p>\n\n\n\n<p>W sprawach nieuregulowanych niniejsz\u0105 Polityk\u0105 stosuje si\u0119 odpowiednio przepisy RODO oraz inne w\u0142a\u015bciwe przepisy prawa polskiego.<br>\u00a0<\/p>\n\n\n\n<p>Niniejsza Polityka i jest na bie\u017c\u0105co weryfikowana oraz aktualizowana. Wszelkie zmiany niniejszej Polityki Prywatno\u015bci spowodowane zmianami przepis\u00f3w prawa lub zwi\u0105zane ze zmianami oferty us\u0142ug dost\u0119pnych na Stronie b\u0119d\u0105 niezw\u0142ocznie komunikowane poprzez og\u0142oszenie na Stronie.<br>\u00a0<\/p>\n\n\n\n<p><\/p>\n","protected":false},"excerpt":{"rendered":"<p>POLITYKA PRYWATNO\u015aCI WARSZAWSKIEGO UNIWERSYTETU MEDYCZNEGO WRAZ Z OG\u00d3LN\u0104 KLAUZUL\u0104 INFORMACYJN\u0104 I. OG\u00d3LNA KLAUZULA INFORMACYJNA \u00a71. POSTANOWIENIA OG\u00d3LNE \u00a72. DEFINICJE &nbsp;\u00a73. BEZPIECZE\u0143STWO DANYCH OSOBOWYCH Administrator dok\u0142ada staranno\u015bci w celu ochrony interes\u00f3w os\u00f3b, kt\u00f3rych dane dotycz\u0105, a w szczeg\u00f3lno\u015bci zapewnia, \u017ce zbierane przez niego dane s\u0105: &nbsp;\u00a74. CEL I ZAKRES ZBIERANIA DANYCH. RODZAJ PRZETWARZANYCH DANYCH OSOBOWYCH \u00a7&#8230;<\/p>\n","protected":false},"author":1,"featured_media":0,"parent":0,"menu_order":0,"comment_status":"closed","ping_status":"closed","template":"","meta":{"footnotes":""},"class_list":["post-59","page","type-page","status-publish","hentry"],"_links":{"self":[{"href":"https:\/\/fitobi.app\/index.php\/wp-json\/wp\/v2\/pages\/59","targetHints":{"allow":["GET"]}}],"collection":[{"href":"https:\/\/fitobi.app\/index.php\/wp-json\/wp\/v2\/pages"}],"about":[{"href":"https:\/\/fitobi.app\/index.php\/wp-json\/wp\/v2\/types\/page"}],"author":[{"embeddable":true,"href":"https:\/\/fitobi.app\/index.php\/wp-json\/wp\/v2\/users\/1"}],"replies":[{"embeddable":true,"href":"https:\/\/fitobi.app\/index.php\/wp-json\/wp\/v2\/comments?post=59"}],"version-history":[{"count":7,"href":"https:\/\/fitobi.app\/index.php\/wp-json\/wp\/v2\/pages\/59\/revisions"}],"predecessor-version":[{"id":114,"href":"https:\/\/fitobi.app\/index.php\/wp-json\/wp\/v2\/pages\/59\/revisions\/114"}],"wp:attachment":[{"href":"https:\/\/fitobi.app\/index.php\/wp-json\/wp\/v2\/media?parent=59"}],"curies":[{"name":"wp","href":"https:\/\/api.w.org\/{rel}","templated":true}]}}