{"id":199,"date":"2026-03-21T23:27:02","date_gmt":"2026-03-21T22:27:02","guid":{"rendered":"https:\/\/fitobi.app\/?page_id=199"},"modified":"2026-03-21T23:27:02","modified_gmt":"2026-03-21T22:27:02","slug":"dostepnosc","status":"publish","type":"page","link":"https:\/\/fitobi.app\/index.php\/dostepnosc\/","title":{"rendered":"Dost\u0119pno\u015b\u0107"},"content":{"rendered":"\n<p><strong>Opis podj\u0119tych dzia\u0142a\u0144 s\u0142u\u017c\u0105cych zapewnieniu dost\u0119pno\u015bci osobom ze szczeg\u00f3lnymi potrzebami w zakresie zrealizowanego projektu<\/strong><\/p>\n\n\n\n<p>W ramach realizacji projektu podj\u0119to dzia\u0142ania maj\u0105ce na celu zapewnienie dost\u0119pno\u015bci dla os\u00f3b ze szczeg\u00f3lnymi potrzebami, zgodnie z zasadami r\u00f3wno\u015bci szans i niedyskryminacji oraz w odniesieniu do wymog\u00f3w okre\u015blonych w ustawie z dnia 19 lipca 2019 r. o zapewnianiu dost\u0119pno\u015bci osobom ze szczeg\u00f3lnymi potrzebami, a tak\u017ce standard\u00f3w dost\u0119pno\u015bci cyfrowej.<\/p>\n\n\n\n<p>Proces rekrutacji uczestnik\u00f3w oraz udzia\u0142 w badaniu zosta\u0142y zaprojektowane w spos\u00f3b uwzgl\u0119dniaj\u0105cy r\u00f3\u017cnorodne potrzeby zdrowotne i funkcjonalne. Zapewniono mo\u017cliwo\u015b\u0107 wyboru preferowanej formy kontaktu (telefonicznej lub elektronicznej) oraz elastyczne terminy wizyt, co umo\u017cliwia\u0142o udzia\u0142 osobom o ograniczonej mobilno\u015bci lub szczeg\u00f3lnych potrzebach zdrowotnych.<\/p>\n\n\n\n<p>Materia\u0142y informacyjne oraz dokumentacja projektowa zosta\u0142y przygotowane w spos\u00f3b przejrzysty i zrozumia\u0142y, z zastosowaniem prostego j\u0119zyka oraz jasnej struktury tre\u015bci. Uczestnikom zapewniono wsparcie personelu medycznego, kt\u00f3ry dostosowywa\u0142 spos\u00f3b komunikacji do indywidualnych potrzeb, w tym w zakresie wyja\u015bniania procedur badania i uzyskiwania \u015bwiadomej zgody.<\/p>\n\n\n\n<p>W ramach komponentu cyfrowego projektu (w tym aplikacji mobilnej FITOBI) uwzgl\u0119dniono zasady dost\u0119pno\u015bci cyfrowej, w szczeg\u00f3lno\u015bci intuicyjny interfejs u\u017cytkownika, czytelno\u015b\u0107 tre\u015bci oraz mo\u017cliwo\u015b\u0107 korzystania z narz\u0119dzia na r\u00f3\u017cnych urz\u0105dzeniach mobilnych.<\/p>\n\n\n\n<p>Podj\u0119te dzia\u0142ania mia\u0142y na celu zapewnienie mo\u017cliwie szerokiego i r\u00f3wnego dost\u0119pu do udzia\u0142u w projekcie oraz jego rezultat\u00f3w, zgodnie z obowi\u0105zuj\u0105cymi standardami dost\u0119pno\u015bci<\/p>\n","protected":false},"excerpt":{"rendered":"<p>Opis podj\u0119tych dzia\u0142a\u0144 s\u0142u\u017c\u0105cych zapewnieniu dost\u0119pno\u015bci osobom ze szczeg\u00f3lnymi potrzebami w zakresie zrealizowanego projektu W ramach realizacji projektu podj\u0119to dzia\u0142ania maj\u0105ce na celu zapewnienie dost\u0119pno\u015bci dla os\u00f3b ze szczeg\u00f3lnymi potrzebami, zgodnie z zasadami r\u00f3wno\u015bci szans i niedyskryminacji oraz w odniesieniu do wymog\u00f3w okre\u015blonych w ustawie z dnia 19 lipca 2019 r. o zapewnianiu dost\u0119pno\u015bci osobom&#8230;<\/p>\n","protected":false},"author":1,"featured_media":0,"parent":0,"menu_order":0,"comment_status":"closed","ping_status":"closed","template":"","meta":{"footnotes":""},"class_list":["post-199","page","type-page","status-publish","hentry"],"_links":{"self":[{"href":"https:\/\/fitobi.app\/index.php\/wp-json\/wp\/v2\/pages\/199","targetHints":{"allow":["GET"]}}],"collection":[{"href":"https:\/\/fitobi.app\/index.php\/wp-json\/wp\/v2\/pages"}],"about":[{"href":"https:\/\/fitobi.app\/index.php\/wp-json\/wp\/v2\/types\/page"}],"author":[{"embeddable":true,"href":"https:\/\/fitobi.app\/index.php\/wp-json\/wp\/v2\/users\/1"}],"replies":[{"embeddable":true,"href":"https:\/\/fitobi.app\/index.php\/wp-json\/wp\/v2\/comments?post=199"}],"version-history":[{"count":1,"href":"https:\/\/fitobi.app\/index.php\/wp-json\/wp\/v2\/pages\/199\/revisions"}],"predecessor-version":[{"id":200,"href":"https:\/\/fitobi.app\/index.php\/wp-json\/wp\/v2\/pages\/199\/revisions\/200"}],"wp:attachment":[{"href":"https:\/\/fitobi.app\/index.php\/wp-json\/wp\/v2\/media?parent=199"}],"curies":[{"name":"wp","href":"https:\/\/api.w.org\/{rel}","templated":true}]}}