{"id":159,"date":"2025-03-21T11:46:32","date_gmt":"2025-03-21T10:46:32","guid":{"rendered":"https:\/\/fitobi.app\/?page_id=159"},"modified":"2025-03-24T22:19:17","modified_gmt":"2025-03-24T21:19:17","slug":"kontakt","status":"publish","type":"page","link":"https:\/\/fitobi.app\/index.php\/kontakt\/","title":{"rendered":"Kontakt"},"content":{"rendered":"\n<p>Aby zg\u0142osi\u0107 ch\u0119\u0107 usuni\u0119cia konta lub danych w aplikacji, prosimy o kontakt mailowy pod adresem fitobi(ma\u0142pa)sportslab.pl<\/p>\n","protected":false},"excerpt":{"rendered":"<p>Aby zg\u0142osi\u0107 ch\u0119\u0107 usuni\u0119cia konta lub danych w aplikacji, prosimy o kontakt mailowy pod adresem fitobi(ma\u0142pa)sportslab.pl<\/p>\n","protected":false},"author":1,"featured_media":0,"parent":0,"menu_order":0,"comment_status":"closed","ping_status":"closed","template":"","meta":{"footnotes":""},"class_list":["post-159","page","type-page","status-publish","hentry"],"_links":{"self":[{"href":"https:\/\/fitobi.app\/index.php\/wp-json\/wp\/v2\/pages\/159","targetHints":{"allow":["GET"]}}],"collection":[{"href":"https:\/\/fitobi.app\/index.php\/wp-json\/wp\/v2\/pages"}],"about":[{"href":"https:\/\/fitobi.app\/index.php\/wp-json\/wp\/v2\/types\/page"}],"author":[{"embeddable":true,"href":"https:\/\/fitobi.app\/index.php\/wp-json\/wp\/v2\/users\/1"}],"replies":[{"embeddable":true,"href":"https:\/\/fitobi.app\/index.php\/wp-json\/wp\/v2\/comments?post=159"}],"version-history":[{"count":2,"href":"https:\/\/fitobi.app\/index.php\/wp-json\/wp\/v2\/pages\/159\/revisions"}],"predecessor-version":[{"id":162,"href":"https:\/\/fitobi.app\/index.php\/wp-json\/wp\/v2\/pages\/159\/revisions\/162"}],"wp:attachment":[{"href":"https:\/\/fitobi.app\/index.php\/wp-json\/wp\/v2\/media?parent=159"}],"curies":[{"name":"wp","href":"https:\/\/api.w.org\/{rel}","templated":true}]}}